{"id":1728,"date":"2017-08-22T17:47:49","date_gmt":"2017-08-22T22:47:49","guid":{"rendered":"http:\/\/rapidregisteredagent.com\/elementos-esenciales-del-agente-registrado\/"},"modified":"2021-02-10T17:33:19","modified_gmt":"2021-02-10T22:33:19","slug":"elementos-esenciales-del-agente-registrado","status":"publish","type":"page","link":"https:\/\/rapidregisteredagent.com\/es\/elementos-esenciales-del-agente-registrado\/","title":{"rendered":"Esenciales del agente registrado"},"content":{"rendered":"<p>[et_pb_section bb_built=\u00bb1&#8243;][et_pb_row][et_pb_column type=\u00bb1_4&#8243;][et_pb_sidebar _builder_version=\u00bb3.14&#8243; area=\u00bbsidebar-1&#8243; \/][\/et_pb_column][et_pb_column type=\u00bb3_4&#8243;][et_pb_text _builder_version=\u00bb3.14&#8243;]<\/p>\n<h1><strong>Comprensi\u00f3n de los aspectos b\u00e1sicos del agente registrado<\/strong><\/h1>\n<p>UN<strong> agente registrado para corporaci\u00f3n<\/strong> es un individuo o una empresa que recibe correos oficiales, informes anuales y servicio de proceso (SOP) en nombre de una empresa. Cada corporaci\u00f3n comercial y compa\u00f1\u00eda de responsabilidad limitada (LLC) en cada estado debe designar un agente profesional registrado. Es importante comprender los aspectos b\u00e1sicos del agente registrado antes de elegir uno para su empresa.<\/p>\n<p><img loading=\"lazy\" decoding=\"async\" class=\"aligncenter wp-image-1042 size-full\" src=\"http:\/\/rapidregisteredagent.com\/wp-content\/uploads\/2016\/12\/lawsuit.jpg\" alt=\"imagen esencial del agente registrado\" width=\"640\" height=\"480\" srcset=\"https:\/\/rapidregisteredagent.com\/wp-content\/uploads\/2016\/12\/lawsuit.jpg 640w, https:\/\/rapidregisteredagent.com\/wp-content\/uploads\/2016\/12\/lawsuit-300x225.jpg 300w\" sizes=\"(max-width: 640px) 100vw, 640px\" \/><\/p>\n<ul>\n<li>Un agente registrado profesional act\u00faa como el principal medio de contacto de su empresa con el estado. La persona o empresa que sea designada como su agente registrado aceptar\u00e1 los informes de la secretar\u00eda de estado de su empresa, notificaciones relacionadas con los impuestos y otra correspondencia oficial importante del estado.<\/li>\n<li>Si su empresa es demandada, los servidores de procesos buscar\u00e1n al agente registrado de una empresa y entregar\u00e1n personalmente la notificaci\u00f3n de la demanda al agente registrado.<\/li>\n<li>Necesita un agente registrado en cada estado donde se registre para hacer negocios.<\/li>\n<li>El nombre y la direcci\u00f3n de un agente registrado es informaci\u00f3n de acceso p\u00fablico. Esto significa que si usted es el agente registrado de su empresa y enumera su domicilio como domicilio social, su informaci\u00f3n de contacto personal ser\u00e1 la que figure en los documentos p\u00fablicos y los servidores de procesos enviar\u00e1n notificaciones a su domicilio.<\/li>\n<li>Los agentes registrados a veces se denominan agentes legales, agentes residentes o agentes para el servicio del proceso.<\/li>\n<\/ul>\n<h3>\u00bfQui\u00e9n puede ser un agente registrado?<\/h3>\n<p>Todos los agentes registrados deben cumplir los siguientes requisitos:<\/p>\n<ul>\n<li>Debe tener una residencia f\u00edsica en el estado donde la persona o la empresa se desempe\u00f1a como agente registrado. Los apartados de correos no califican.<\/li>\n<li>Debe estar disponible para recibir servicio de proceso durante el horario laboral normal.<\/li>\n<li>Las personas deben tener 18 a\u00f1os o m\u00e1s.<\/li>\n<\/ul>\n<p>Cualquiera que cumpla con los requisitos anteriores puede actuar como agente registrado.<\/p>\n<h3>\u00bfQu\u00e9 es el servicio de proceso?<\/h3>\n<p>El servicio de proceso solo significa la entrega de documentos legales como demandas o cartas de cese y desistimiento. Entonces, cuando alguien dice que los agentes registrados aceptan el servicio del proceso, significa que aceptan la entrega de documentos legales en nombre de una empresa.<\/p>\n<h3>\u00bfLos estados tienen requisitos diferentes para los agentes registrados?<\/h3>\n<p>S\u00ed, pero los requisitos se refieren principalmente a los proveedores de servicios de agentes registrados. Por ejemplo, en Georgia, una LLC no puede ser un agente registrado, pero una corporaci\u00f3n s\u00ed. Sin embargo, los requisitos para las personas son los mismos en todos los Estados Unidos: si tiene una residencia f\u00edsica dentro de las fronteras estatales donde puede aceptar el servicio de proceso durante el horario comercial normal y es mayor de 18 a\u00f1os, puede ser un agente registrado en cualquier lugar de los Estados Unidos.<\/p>\n<h3>\u00bfExiste alguna diferencia entre un agente registrado y un agente residente?<\/h3>\n<p>Realmente no. Agente residente es en realidad un t\u00e9rmino m\u00e1s antiguo que agente registrado y simplemente significa que el agente debe ser residente del estado. Pero no importa c\u00f3mo un estado llame al agente \u2014residente, registrado, agente legal, agente de servicio del proceso\u2014 todos realizan las mismas funciones.<\/p>\n<h3>\u00bfPor qu\u00e9 necesito mantener un agente registrado?<\/h3>\n<p>Digamos que despide a su agente registrado y luego no contrata a uno nuevo. Su entidad comercial podr\u00eda ser disuelta por el estado, prohibirle hacer negocios en el estado, o podr\u00eda ser demandado y ni siquiera saberlo. Es una buena idea mantener a su agente registrado.<\/p>\n<h3>\u00bfCu\u00e1l es la diferencia entre un agente comercial registrado y un agente no comercial registrado?<\/h3>\n<p>Un comercial<a href=\"https:\/\/rapidregisteredagent.com\/es\/\"> Agente registrado<\/a> es una empresa que se dedica al servicio de agente registrado. Los agentes comerciales registrados pueden ser auditados por el estado y enfrentar multas por no cumplir con los est\u00e1ndares de agentes registrados de ese estado. El propio estado presenta la opci\u00f3n de un agente comercial registrado como una forma de regular las presentaciones comerciales y responsabilizar a m\u00e1s empresas.<\/p>\n<p>Con suerte, la lista de elementos esenciales para agentes registrados proporcionada anteriormente le ayudar\u00e1 a elegir el agente adecuado para su negocio.<\/p>\n<p>[\/et_pb_text][\/et_pb_column][\/et_pb_row][et_pb_row][et_pb_column type=\u00bb4_4&#8243;][et_pb_cta admin_label=\u00bbGeneral Call To Action\u00bb _builder_version=\u00bb3.14&#8243; title=\u00bbExperimente la diferencia\u00bb button_text=\u00bbReg\u00edstrese\u00bb button_url=\u00bbhttp:\/\/rapidregisteredagent.com\/clients\/register.php\u00bb background_color=\u00bb#0c71c3&#8243; custom_margin=\u00bb||-120px|\u00bb box_shadow_style=\u00bbpreset2&#8243; global_module=\u00bb11272&#8243;]<\/p>\n<h3>Highest Rated Registered Agent Service<\/h3>\n<p>[\/et_pb_cta][\/et_pb_column][\/et_pb_row][\/et_pb_section]<\/p>\n","protected":false},"excerpt":{"rendered":"<p>[et_pb_section bb_built=\u00bb1&#8243;][et_pb_row][et_pb_column type=\u00bb1_4&#8243;][et_pb_sidebar _builder_version=\u00bb3.14&#8243; area=\u00bbsidebar-1&#8243; \/][\/et_pb_column][et_pb_column type=\u00bb3_4&#8243;][et_pb_text _builder_version=\u00bb3.14&#8243;] Comprensi\u00f3n de los aspectos b\u00e1sicos del agente registrado UN agente registrado para corporaci\u00f3n es un individuo o una empresa que recibe correos oficiales, informes anuales y servicio de proceso (SOP) en nombre de una empresa. Cada corporaci\u00f3n comercial y compa\u00f1\u00eda de responsabilidad limitada (LLC) en cada estado&#8230;<\/p>\n","protected":false},"author":2,"featured_media":0,"parent":0,"menu_order":0,"comment_status":"closed","ping_status":"closed","template":"","meta":{"inline_featured_image":false,"_analytify_skip_tracking":false,"footnotes":""},"class_list":["post-1728","page","type-page","status-publish","hentry"],"_links":{"self":[{"href":"https:\/\/rapidregisteredagent.com\/es\/wp-json\/wp\/v2\/pages\/1728","targetHints":{"allow":["GET"]}}],"collection":[{"href":"https:\/\/rapidregisteredagent.com\/es\/wp-json\/wp\/v2\/pages"}],"about":[{"href":"https:\/\/rapidregisteredagent.com\/es\/wp-json\/wp\/v2\/types\/page"}],"author":[{"embeddable":true,"href":"https:\/\/rapidregisteredagent.com\/es\/wp-json\/wp\/v2\/users\/2"}],"replies":[{"embeddable":true,"href":"https:\/\/rapidregisteredagent.com\/es\/wp-json\/wp\/v2\/comments?post=1728"}],"version-history":[{"count":0,"href":"https:\/\/rapidregisteredagent.com\/es\/wp-json\/wp\/v2\/pages\/1728\/revisions"}],"wp:attachment":[{"href":"https:\/\/rapidregisteredagent.com\/es\/wp-json\/wp\/v2\/media?parent=1728"}],"curies":[{"name":"wp","href":"https:\/\/api.w.org\/{rel}","templated":true}]}}