{"id":1726,"date":"2017-08-22T12:37:49","date_gmt":"2017-08-22T17:37:49","guid":{"rendered":"http:\/\/rapidregisteredagent.com\/eligiendo-su-agente-registrado\/"},"modified":"2021-02-10T16:35:44","modified_gmt":"2021-02-10T21:35:44","slug":"eligiendo-su-agente-registrado","status":"publish","type":"page","link":"https:\/\/rapidregisteredagent.com\/es\/eligiendo-su-agente-registrado\/","title":{"rendered":"Elecci\u00f3n de su agente registrado"},"content":{"rendered":"<p>[et_pb_section fb_built=\u00bb1&#8243; _builder_version=\u00bb3.0.47&#8243;][et_pb_row _builder_version=\u00bb3.19.5&#8243; background_size=\u00bbinitial\u00bb background_position=\u00bbtop_left\u00bb background_repeat=\u00bbrepeat\u00bb module_class=\u00bbcustom_row\u00bb module_class_1=\u00bbsecond-on-mobile\u00bb module_class_2=\u00bbfirst-on-mobile\u00bb][et_pb_column type=\u00bb1_4&#8243; _builder_version=\u00bb3.0.47&#8243; parallax=\u00bboff\u00bb parallax_method=\u00bbon\u00bb module_class=\u00bbsecond-on-mobile\u00bb][et_pb_sidebar area=\u00bbsidebar-1&#8243; _builder_version=\u00bb3.14&#8243;][\/et_pb_sidebar][\/et_pb_column][et_pb_column type=\u00bb3_4&#8243; _builder_version=\u00bb3.0.47&#8243; parallax=\u00bboff\u00bb parallax_method=\u00bbon\u00bb module_class=\u00bbfirst-on-mobile\u00bb][et_pb_text _builder_version=\u00bb3.0.74&#8243; background_size=\u00bbinitial\u00bb background_position=\u00bbtop_left\u00bb background_repeat=\u00bbrepeat\u00bb]<\/p>\n<h1>Elecci\u00f3n de su agente registrado<\/h1>\n<p>\u00bfC\u00f3mo se elige un agente registrado? <strong>Considere por qu\u00e9 tiene un agente registrado en Texas para su empresa en primer lugar.<\/strong><\/p>\n<p>Su agente registrado es su punto de contacto para:<\/p>\n<ul>\n<li>Citaciones y peticiones cuando lo demandan<\/li>\n<li>Avisos del Secretario de Estado<\/li>\n<li>Avisos de terceros, como acreedores<\/li>\n<li>Correo basura<\/li>\n<\/ul>\n<p>A<em> elija un agente registrado para su corporaci\u00f3n o compa\u00f1\u00eda de responsabilidad limitada<\/em> hemos hecho la lista de cosas a considerar a continuaci\u00f3n. Si bien el agente registrado suele ser una ocurrencia tard\u00eda para la mayor\u00eda de las personas, debe considerar seriamente los siguientes elementos al elegir:<\/p>\n<p><strong>1. \u00bfCu\u00e1nto tiempo ha existido la empresa?<\/strong><\/p>\n<p>No quieres una compa\u00f1\u00eda que vuela por la noche. El agente registrado ser\u00e1 el primer punto de contacto para asuntos oficiales y si lo demandan. \u00bfQu\u00e9 tan malo ser\u00eda si lo demandaran, no se enterara porque el agente registrado se retir\u00f3 y luego se tom\u00f3 una sentencia en su contra? Nuestro bufete de abogados opera desde 2003.<\/p>\n<p><strong>2. \u00bfC\u00f3mo maneja la empresa el correo?<\/strong><\/p>\n<p>La mayor parte del correo que recibe el agente registrado es correo basura. \u00bfLo guardar\u00e1n y se lo reenviar\u00e1n o lo tirar\u00e1n a la basura?<\/p>\n<p>Tiramos el correo basura a menos que nos indique lo contrario. No se nos debe enviar correo regular (facturas, facturas, etc.) ya que no reenviamos ese tipo de correo.<\/p>\n<p><strong>3. \u00bfC\u00f3mo maneja la empresa el correo oficial?<\/strong><\/p>\n<p>La goma se encuentra en el camino cuando se entregan las citaciones, el correo con acuse de recibo entra por la puerta o llegan avisos gubernamentales. \u00bfEl agente registrado los escanear\u00e1 y se los enviar\u00e1 por correo electr\u00f3nico? \u00bfTe los enviar\u00e1n de la noche a la ma\u00f1ana? \u00bfSe los enviar\u00e1n por correo? \u00bfCuan r\u00e1pido? \u00bfQui\u00e9n paga y cu\u00e1les son las tarifas?<\/p>\n<p>En su mayor parte, todos los documentos legales asociados con su negocio se enviar\u00e1n a la direcci\u00f3n de su oficina registrada. Esto incluye correspondencia del gobierno federal y estatal y documentos fiscales del Servicio de Impuestos Internos. Hemos o\u00eddo hablar de algunos agentes registrados que tiran este material o lo marcan con \u00abDevolver al remitente\u00bb. Aseg\u00farese de que su agente registrado incluya el reenv\u00edo ilimitado de correo gubernamental en su servicio.<\/p>\n<p>Le escanearemos y enviaremos avisos oficiales por correo electr\u00f3nico. Tambi\u00e9n lo llamaremos si se presenta una demanda. Usted ser\u00e1 responsable de los env\u00edos o env\u00edos durante la noche al costo que incurramos en su nombre.<\/p>\n<p><strong>4. \u00bfQu\u00e9 pasa si lo demandan?<\/strong><\/p>\n<p>El momento para presentar una respuesta es fundamental cuando lo demandan. La demora no es una opci\u00f3n. Podemos revisar la petici\u00f3n, informarle cu\u00e1ndo vence la respuesta y posiblemente presentar una respuesta en su nombre (solo en Texas).<\/p>\n<p><strong>5. \u00bfCu\u00e1l es el costo inicial?<\/strong><\/p>\n<p>Nuestra tarifa en cada estado es una tarifa plana sin costos ocultos (existen tarifas adicionales para la entrega al d\u00eda siguiente o el reenv\u00edo de correo, ya que tenemos que pagarle a otra persona para que lo haga). Esa tarifa no ha cambiado desde que comenzamos el servicio de agente registrado en 2007.<\/p>\n<p><strong>7. \u00bfHay tarifas ocultas?<\/strong><\/p>\n<p>Tenga cuidado, ya que algunas empresas tienen tarifas ocultas, como cobrar por cualquier documento que reenv\u00eden m\u00e1s all\u00e1 de un cierto recuento de p\u00e1ginas (hemos o\u00eddo hablar de algunos cobros por cualquier cosa que supere las cinco p\u00e1ginas). No hay tarifas ocultas con nosotros.<\/p>\n<p><strong>8. \u00bfSe incluye algo m\u00e1s adem\u00e1s del env\u00edo de avisos?<\/strong><\/p>\n<p>Trabajamos duro para ser su agente. Estas son algunas de las cosas que hacemos por encima y m\u00e1s all\u00e1 de los dem\u00e1s:<\/p>\n<ol>\n<li>Si lo demandan, lo llamaremos (solo en EE. UU.) Adem\u00e1s de enviarle la petici\u00f3n.<\/li>\n<li>Opcionalmente, puede recibir una notificaci\u00f3n mediante un mensaje de texto tras la notificaci\u00f3n de un documento o una demanda.<\/li>\n<li>Puede designar un n\u00famero ilimitado de personas para obtener copias de avisos y peticiones y cada uno recibir\u00e1 una copia por correo electr\u00f3nico (y opcionalmente un mensaje de texto)<\/li>\n<li>Pr\u00f3ximamente: podr\u00e1 generar algunos informes necesarios para el estado en el que est\u00e1 registrado. Por ejemplo, en Texas, podr\u00eda generar una declaraci\u00f3n de \u00abNo adeudo de impuestos de franquicia\u00bb cada a\u00f1o si no debe impuestos de franquicia.<\/li>\n<\/ol>\n<p><strong>9. \u00bfProtegen su informaci\u00f3n?<\/strong><\/p>\n<p>Uno de los beneficios de tener un agente registrado es que a menudo usar\u00e1n su direcci\u00f3n como direcciones de los funcionarios \/ directores y miembros \/ gerentes. Esto ofrece una privacidad muy necesaria al evitar que los abogados itinerantes identifiquen adecuadamente a las personas detr\u00e1s de la empresa (\u00a1usted!) En un esfuerzo por vincularlas a la demanda. Adem\u00e1s, \u00a1son unos cientos de correos basura adicionales que no tendr\u00e1 que revisar todos los meses!<\/p>\n<p>No damos su informaci\u00f3n de contacto sin su permiso. Per\u00edodo.<\/p>\n<p><strong>10. \u00bfTienen una oficina de trabajo leg\u00edtima?<\/strong><\/p>\n<p>Su agente registrado debe mantener un horario comercial regular. \u00bfPor qu\u00e9? Porque su demanda puede ser atendida en cualquier momento de 9 am a 5 pm, de lunes a viernes. No crea que no recibir su demanda es algo bueno. Si su agente registrado no puede ser notificado, probablemente perder\u00e1 la demanda por defecto porque nunca recibi\u00f3 una notificaci\u00f3n.<\/p>\n<p><strong>11. Organizaci\u00f3n de documentos<\/strong><\/p>\n<p>\u00bfQu\u00e9 sucede con los avisos y peticiones despu\u00e9s de que se le env\u00edan por correo electr\u00f3nico? \u00bfQu\u00e9 sucede si necesita acceder a ellos nuevamente y es despu\u00e9s del horario comercial?<\/p>\n<p>Todos los documentos que se le env\u00edan se almacenan en un servidor seguro en la nube y est\u00e1n disponibles en su panel de control las 24 horas del d\u00eda, los 365 d\u00edas de la semana.<\/p>\n<p>Adem\u00e1s, puede ver todas sus empresas a la vez y cada documento de cada empresa en funci\u00f3n del estado en el que est\u00e1 registrada.<\/p>\n<p><strong>12. \u00bfC\u00f3mo se manejan las renovaciones?<\/strong><\/p>\n<p>Le enviamos una notificaci\u00f3n por correo electr\u00f3nico y una factura 30 d\u00edas antes de la fecha de renovaci\u00f3n, para que no se sorprenda.<\/p>\n<p><strong>13. \u00bfCu\u00e1l es su reputaci\u00f3n?<\/strong><\/p>\n<p>Verifique su calificaci\u00f3n y reputaci\u00f3n. Pregunta por ah\u00ed.<\/p>\n<p>Simplemente no puede obtener ese servicio de cualquier agente registrado. Considere que nuestros precios son extremadamente competitivos y<strong> es realmente una elecci\u00f3n simple cuando enumera los factores de c\u00f3mo elegir un agente registrado<\/strong> .[\/et_pb_text][\/et_pb_column][\/et_pb_row][et_pb_row _builder_version=\u00bb3.0.48&#8243; background_size=\u00bbinitial\u00bb background_position=\u00bbtop_left\u00bb background_repeat=\u00bbrepeat\u00bb][et_pb_column type=\u00bb4_4&#8243; _builder_version=\u00bb3.0.47&#8243; parallax=\u00bboff\u00bb parallax_method=\u00bbon\u00bb][et_pb_cta title=\u00bbExperimente la diferencia\u00bb button_url=\u00bbhttp:\/\/rapidregisteredagent.com\/clients\/register.php\u00bb button_text=\u00bbReg\u00edstrese\u00bb admin_label=\u00bbGeneral Call To Action\u00bb _builder_version=\u00bb3.14&#8243; background_color=\u00bb#0c71c3&#8243; box_shadow_style=\u00bbpreset2&#8243; custom_margin=\u00bb||-120px|\u00bb global_module=\u00bb11272&#8243; button_text_size__hover_enabled=\u00bboff\u00bb button_one_text_size__hover_enabled=\u00bboff\u00bb button_two_text_size__hover_enabled=\u00bboff\u00bb button_text_color__hover_enabled=\u00bboff\u00bb button_one_text_color__hover_enabled=\u00bboff\u00bb button_two_text_color__hover_enabled=\u00bboff\u00bb button_border_width__hover_enabled=\u00bboff\u00bb button_one_border_width__hover_enabled=\u00bboff\u00bb button_two_border_width__hover_enabled=\u00bboff\u00bb button_border_color__hover_enabled=\u00bboff\u00bb button_one_border_color__hover_enabled=\u00bboff\u00bb button_two_border_color__hover_enabled=\u00bboff\u00bb button_border_radius__hover_enabled=\u00bboff\u00bb button_one_border_radius__hover_enabled=\u00bboff\u00bb button_two_border_radius__hover_enabled=\u00bboff\u00bb button_letter_spacing__hover_enabled=\u00bboff\u00bb button_one_letter_spacing__hover_enabled=\u00bboff\u00bb button_two_letter_spacing__hover_enabled=\u00bboff\u00bb button_bg_color__hover_enabled=\u00bboff\u00bb button_one_bg_color__hover_enabled=\u00bboff\u00bb button_two_bg_color__hover_enabled=\u00bboff\u00bb]<\/p>\n<h3>Highest Rated Registered Agent Service<\/h3>\n<p>[\/et_pb_cta][\/et_pb_column][\/et_pb_row][\/et_pb_section]<\/p>\n","protected":false},"excerpt":{"rendered":"<p>[et_pb_section fb_built=\u00bb1&#8243; _builder_version=\u00bb3.0.47&#8243;][et_pb_row _builder_version=\u00bb3.19.5&#8243; background_size=\u00bbinitial\u00bb background_position=\u00bbtop_left\u00bb background_repeat=\u00bbrepeat\u00bb module_class=\u00bbcustom_row\u00bb module_class_1=\u00bbsecond-on-mobile\u00bb module_class_2=\u00bbfirst-on-mobile\u00bb][et_pb_column type=\u00bb1_4&#8243; _builder_version=\u00bb3.0.47&#8243; parallax=\u00bboff\u00bb parallax_method=\u00bbon\u00bb module_class=\u00bbsecond-on-mobile\u00bb][et_pb_sidebar area=\u00bbsidebar-1&#8243; _builder_version=\u00bb3.14&#8243;][\/et_pb_sidebar][\/et_pb_column][et_pb_column type=\u00bb3_4&#8243; _builder_version=\u00bb3.0.47&#8243; parallax=\u00bboff\u00bb parallax_method=\u00bbon\u00bb module_class=\u00bbfirst-on-mobile\u00bb][et_pb_text _builder_version=\u00bb3.0.74&#8243; background_size=\u00bbinitial\u00bb background_position=\u00bbtop_left\u00bb background_repeat=\u00bbrepeat\u00bb] Elecci\u00f3n de su agente registrado \u00bfC\u00f3mo se elige un agente registrado? Considere por qu\u00e9 tiene un agente registrado en Texas para su empresa en primer lugar. Su agente registrado&#8230;<\/p>\n","protected":false},"author":2,"featured_media":0,"parent":0,"menu_order":0,"comment_status":"closed","ping_status":"closed","template":"","meta":{"inline_featured_image":false,"_analytify_skip_tracking":false,"footnotes":""},"class_list":["post-1726","page","type-page","status-publish","hentry"],"_links":{"self":[{"href":"https:\/\/rapidregisteredagent.com\/es\/wp-json\/wp\/v2\/pages\/1726","targetHints":{"allow":["GET"]}}],"collection":[{"href":"https:\/\/rapidregisteredagent.com\/es\/wp-json\/wp\/v2\/pages"}],"about":[{"href":"https:\/\/rapidregisteredagent.com\/es\/wp-json\/wp\/v2\/types\/page"}],"author":[{"embeddable":true,"href":"https:\/\/rapidregisteredagent.com\/es\/wp-json\/wp\/v2\/users\/2"}],"replies":[{"embeddable":true,"href":"https:\/\/rapidregisteredagent.com\/es\/wp-json\/wp\/v2\/comments?post=1726"}],"version-history":[{"count":0,"href":"https:\/\/rapidregisteredagent.com\/es\/wp-json\/wp\/v2\/pages\/1726\/revisions"}],"wp:attachment":[{"href":"https:\/\/rapidregisteredagent.com\/es\/wp-json\/wp\/v2\/media?parent=1726"}],"curies":[{"name":"wp","href":"https:\/\/api.w.org\/{rel}","templated":true}]}}